{"id":156,"date":"2022-10-14T08:16:54","date_gmt":"2022-10-14T08:16:54","guid":{"rendered":"https:\/\/euroenergy.al\/?page_id=156"},"modified":"2022-12-16T09:35:03","modified_gmt":"2022-12-16T09:35:03","slug":"rrjete-elektrike","status":"publish","type":"page","link":"https:\/\/euroenergy.al\/en\/rrjete-elektrike\/","title":{"rendered":"Project-implementation of projects of electrical network lines."},"content":{"rendered":"<div style=\"height:56px\" aria-hidden=\"true\" class=\"wp-block-spacer\"><\/div>\n\n\n\n<div class=\"wp-block-columns is-layout-flex wp-container-core-columns-is-layout-9d6595d7 wp-block-columns-is-layout-flex\">\n<div class=\"wp-block-column is-layout-flow wp-block-column-is-layout-flow\">\n<div style=\"height:49px\" aria-hidden=\"true\" class=\"wp-block-spacer\"><\/div>\n\n\n\n<p class=\"has-text-color has-normal-font-size\" style=\"color:#1f8e85\">We design and implement electrical network line projects for civil and industrial facilities.<\/p>\n\n\n\n<p class=\"has-text-color has-normal-font-size\" style=\"color:#1f8e85\">We design and implement street lighting projects, squares, decorative lighting, lighting in large sports facilities, ports and airports.<\/p>\n\n\n\n<div style=\"height:20px\" aria-hidden=\"true\" class=\"wp-block-spacer\"><\/div>\n\n\n\n<p class=\"has-text-color has-normal-font-size\" style=\"color:#1f8e85\">Design and implementation of electrical substation projects, primary and secondary of high voltage lines, as well as design and implementation of electrical cabin implementation projects for low and medium voltage lines.<\/p>\n<\/div>\n\n\n\n<div class=\"wp-block-column is-layout-flow wp-block-column-is-layout-flow\">\n<figure class=\"wp-block-image size-full is-resized is-style-shadow\"><img loading=\"lazy\" decoding=\"async\" src=\"https:\/\/euroenergy.al\/wp-content\/uploads\/2022\/11\/shutterstock_1709519638.500x0-is.jpg\" alt=\"\" class=\"wp-image-223\" width=\"612\" height=\"409\" srcset=\"https:\/\/euroenergy.al\/wp-content\/uploads\/2022\/11\/shutterstock_1709519638.500x0-is.jpg 500w, https:\/\/euroenergy.al\/wp-content\/uploads\/2022\/11\/shutterstock_1709519638.500x0-is-300x200.jpg 300w\" sizes=\"auto, (max-width: 612px) 100vw, 612px\" \/><\/figure>\n<\/div>\n<\/div>\n\n\n\n<div style=\"height:51px\" aria-hidden=\"true\" class=\"wp-block-spacer\"><\/div>\n\n\n\n<div class=\"wp-block-buttons is-content-justification-left is-layout-flex wp-container-core-buttons-is-layout-fdcfc74e wp-block-buttons-is-layout-flex\">\n<div class=\"wp-block-button has-custom-font-size is-style-fill\" style=\"font-size:17px\"><a class=\"wp-block-button__link has-background wp-element-button\" href=\"https:\/\/euroenergy.al\/en\/sherbime\/\" style=\"border-radius:58px;background-color:#1fa3b8\" rel=\"https:\/\/euroenergy.al\/index.php\/blog\/\"><strong>Go back to Services<\/strong><\/a><\/div>\n<\/div>","protected":false},"excerpt":{"rendered":"<p>Ne projektojm\u00eb dhe v\u00ebm\u00eb n\u00eb zbatim projekte t\u00eb linjave t\u00eb rrjeteve elektrike p\u00ebr objekte civile dhe industriale. B\u00ebjm\u00eb projektim dhe zbatim t\u00eb projekteve t\u00eb ndri\u00e7imit rrugor, t\u00eb shesheve, ndri\u00e7im dekorativ,<span class=\"more-dots\">&#8230;<\/span> <span class=\"more-tag d-block mt-15 is-style-arrow\"><a class=\"more-link wp-block-button__link\" href=\"https:\/\/euroenergy.al\/en\/rrjete-elektrike\/\">Read More...<span class=\"screen-reader-text\"> \"Projektim dhe zbatim i projekteve t\u00eb linjave t\u00eb rrjeteve elektrike\"<\/span><\/a><\/span><!-- .more-tag --><\/p>","protected":false},"author":1,"featured_media":0,"parent":0,"menu_order":0,"comment_status":"closed","ping_status":"closed","template":"","meta":{"footnotes":""},"class_list":["post-156","page","type-page","status-publish","hentry","no-post-thumbnail"],"_links":{"self":[{"href":"https:\/\/euroenergy.al\/en\/wp-json\/wp\/v2\/pages\/156","targetHints":{"allow":["GET"]}}],"collection":[{"href":"https:\/\/euroenergy.al\/en\/wp-json\/wp\/v2\/pages"}],"about":[{"href":"https:\/\/euroenergy.al\/en\/wp-json\/wp\/v2\/types\/page"}],"author":[{"embeddable":true,"href":"https:\/\/euroenergy.al\/en\/wp-json\/wp\/v2\/users\/1"}],"replies":[{"embeddable":true,"href":"https:\/\/euroenergy.al\/en\/wp-json\/wp\/v2\/comments?post=156"}],"version-history":[{"count":7,"href":"https:\/\/euroenergy.al\/en\/wp-json\/wp\/v2\/pages\/156\/revisions"}],"predecessor-version":[{"id":278,"href":"https:\/\/euroenergy.al\/en\/wp-json\/wp\/v2\/pages\/156\/revisions\/278"}],"wp:attachment":[{"href":"https:\/\/euroenergy.al\/en\/wp-json\/wp\/v2\/media?parent=156"}],"curies":[{"name":"wp","href":"https:\/\/api.w.org\/{rel}","templated":true}]}}