{"id":161,"date":"2022-10-14T08:24:51","date_gmt":"2022-10-14T08:24:51","guid":{"rendered":"https:\/\/euroenergy.al\/?page_id=161"},"modified":"2022-11-05T23:53:33","modified_gmt":"2022-11-05T23:53:33","slug":"rrjete-telefoni","status":"publish","type":"page","link":"https:\/\/euroenergy.al\/en\/rrjete-telefoni\/","title":{"rendered":"Design and implementation of telephone network projects, CCTV, etc..."},"content":{"rendered":"<div style=\"height:61px\" aria-hidden=\"true\" class=\"wp-block-spacer\"><\/div>\n\n\n\n<div class=\"wp-block-columns is-layout-flex wp-container-core-columns-is-layout-9d6595d7 wp-block-columns-is-layout-flex\">\n<div class=\"wp-block-column is-layout-flow wp-block-column-is-layout-flow\">\n<div style=\"height:13px\" aria-hidden=\"true\" class=\"wp-block-spacer\"><\/div>\n\n\n\n<figure class=\"wp-block-image size-full is-resized is-style-shadow\"><img loading=\"lazy\" decoding=\"async\" src=\"https:\/\/euroenergy.al\/wp-content\/uploads\/2022\/11\/360_F_295211342_LWTd0gq83NOkbKGYohamLFo8gIA7yKg9.jpg\" alt=\"\" class=\"wp-image-226\" width=\"574\" height=\"384\" srcset=\"https:\/\/euroenergy.al\/wp-content\/uploads\/2022\/11\/360_F_295211342_LWTd0gq83NOkbKGYohamLFo8gIA7yKg9.jpg 539w, https:\/\/euroenergy.al\/wp-content\/uploads\/2022\/11\/360_F_295211342_LWTd0gq83NOkbKGYohamLFo8gIA7yKg9-300x200.jpg 300w\" sizes=\"auto, (max-width: 574px) 100vw, 574px\" \/><\/figure>\n<\/div>\n\n\n\n<div class=\"wp-block-column is-layout-flow wp-block-column-is-layout-flow\">\n<div style=\"height:22px\" aria-hidden=\"true\" class=\"wp-block-spacer\"><\/div>\n\n\n\n<p class=\"has-text-color has-normal-font-size\" style=\"color:#1f8e85\">Euro Energy is a company that designs and implements projects of:<\/p>\n\n\n\n<ul class=\"has-text-color has-normal-font-size wp-block-list\" style=\"color:#1f8e85\">\n<li>Telephone network, <\/li>\n\n\n\n<li>Intercom, <\/li>\n\n\n\n<li>Phonics, <\/li>\n\n\n\n<li>Internet, <\/li>\n\n\n\n<li>Tv, <\/li>\n\n\n\n<li>Access Control, <\/li>\n\n\n\n<li>CCTV, <\/li>\n\n\n\n<li>Alarm systems,<\/li>\n\n\n\n<li>Fire detection systems.<\/li>\n<\/ul>\n\n\n\n<p class=\"has-text-color has-normal-font-size\" style=\"color:#1f8e85\">for civil and industrial facilities.<\/p>\n<\/div>\n<\/div>\n\n\n\n<div style=\"height:31px\" aria-hidden=\"true\" class=\"wp-block-spacer\"><\/div>\n\n\n\n<div class=\"wp-block-buttons is-layout-flex wp-block-buttons-is-layout-flex\">\n<div class=\"wp-block-button has-custom-font-size\" style=\"font-size:17px\"><a class=\"wp-block-button__link has-background wp-element-button\" href=\"https:\/\/euroenergy.al\/en\/sherbime\/\" style=\"border-radius:58px;background-color:#1fa3b8\"><strong>Go back to Services<\/strong><\/a><\/div>\n<\/div>","protected":false},"excerpt":{"rendered":"<p>Euro Energy \u00ebsht\u00eb nj\u00eb kompani q\u00eb b\u00ebn projektim dhe zbatim t\u00eb projekteve t\u00eb: p\u00ebr objekte civile dhe industriale. <span class=\"more-tag d-block mt-15 is-style-arrow\"><a class=\"more-link wp-block-button__link\" href=\"https:\/\/euroenergy.al\/en\/rrjete-telefoni\/\">Read More...<span class=\"screen-reader-text\"> \"Projektim dhe zbatim i projekteve t\u00eb rrjeteve t\u00eb telefonis\u00eb, CCTV, etj&#8230;\"<\/span><\/a><\/span><!-- .more-tag --><\/p>","protected":false},"author":1,"featured_media":0,"parent":0,"menu_order":0,"comment_status":"closed","ping_status":"closed","template":"","meta":{"footnotes":""},"class_list":["post-161","page","type-page","status-publish","hentry","no-post-thumbnail"],"_links":{"self":[{"href":"https:\/\/euroenergy.al\/en\/wp-json\/wp\/v2\/pages\/161","targetHints":{"allow":["GET"]}}],"collection":[{"href":"https:\/\/euroenergy.al\/en\/wp-json\/wp\/v2\/pages"}],"about":[{"href":"https:\/\/euroenergy.al\/en\/wp-json\/wp\/v2\/types\/page"}],"author":[{"embeddable":true,"href":"https:\/\/euroenergy.al\/en\/wp-json\/wp\/v2\/users\/1"}],"replies":[{"embeddable":true,"href":"https:\/\/euroenergy.al\/en\/wp-json\/wp\/v2\/comments?post=161"}],"version-history":[{"count":7,"href":"https:\/\/euroenergy.al\/en\/wp-json\/wp\/v2\/pages\/161\/revisions"}],"predecessor-version":[{"id":240,"href":"https:\/\/euroenergy.al\/en\/wp-json\/wp\/v2\/pages\/161\/revisions\/240"}],"wp:attachment":[{"href":"https:\/\/euroenergy.al\/en\/wp-json\/wp\/v2\/media?parent=161"}],"curies":[{"name":"wp","href":"https:\/\/api.w.org\/{rel}","templated":true}]}}