{"id":167,"date":"2022-10-14T08:51:35","date_gmt":"2022-10-14T08:51:35","guid":{"rendered":"https:\/\/euroenergy.al\/?page_id=167"},"modified":"2023-02-15T09:54:32","modified_gmt":"2023-02-15T09:54:32","slug":"mirembajtje","status":"publish","type":"page","link":"https:\/\/euroenergy.al\/en\/mirembajtje\/","title":{"rendered":"Management, maintenance and\/or technical support..."},"content":{"rendered":"<div style=\"height:56px\" aria-hidden=\"true\" class=\"wp-block-spacer\"><\/div>\n\n\n\n<div class=\"wp-block-columns is-layout-flex wp-container-core-columns-is-layout-9d6595d7 wp-block-columns-is-layout-flex\">\n<div class=\"wp-block-column is-layout-flow wp-block-column-is-layout-flow\">\n<figure class=\"wp-block-image size-full is-style-shadow\"><img loading=\"lazy\" decoding=\"async\" width=\"1000\" height=\"667\" src=\"https:\/\/euroenergy.al\/wp-content\/uploads\/2022\/10\/solar-panels-installation.jpg\" alt=\"\" class=\"wp-image-125\" srcset=\"https:\/\/euroenergy.al\/wp-content\/uploads\/2022\/10\/solar-panels-installation.jpg 1000w, https:\/\/euroenergy.al\/wp-content\/uploads\/2022\/10\/solar-panels-installation-300x200.jpg 300w, https:\/\/euroenergy.al\/wp-content\/uploads\/2022\/10\/solar-panels-installation-768x512.jpg 768w\" sizes=\"auto, (max-width: 1000px) 100vw, 1000px\" \/><\/figure>\n<\/div>\n\n\n\n<div class=\"wp-block-column is-layout-flow wp-block-column-is-layout-flow\">\n<div style=\"height:48px\" aria-hidden=\"true\" class=\"wp-block-spacer\"><\/div>\n\n\n\n<p class=\"has-text-color has-normal-font-size\" style=\"color:#1f8e85\">EuroEnergy offers management, maintenance and\/or technical support of electrical plants and renewable energy plants.<\/p>\n\n\n\n<p class=\"has-text-color has-normal-font-size\" style=\"color:#1f8e85\">We offer engineering and IT consultancy in function of the objective of the activity and beyond, which provides for the legislation in force.<\/p>\n\n\n\n<div style=\"height:6px\" aria-hidden=\"true\" class=\"wp-block-spacer\"><\/div>\n\n\n\n<ul class=\"has-text-color has-normal-font-size wp-block-list\" style=\"color:#1f8e85\"><\/ul>\n<\/div>\n<\/div>\n\n\n\n<div style=\"height:59px\" aria-hidden=\"true\" class=\"wp-block-spacer\"><\/div>\n\n\n\n<div class=\"wp-block-buttons is-content-justification-right is-layout-flex wp-container-core-buttons-is-layout-765c4724 wp-block-buttons-is-layout-flex\">\n<div class=\"wp-block-button has-custom-font-size\" style=\"font-size:17px\"><a class=\"wp-block-button__link has-background wp-element-button\" href=\"https:\/\/euroenergy.al\/en\/sherbime\/\" style=\"border-radius:58px;background-color:#1fa3b8\"><strong>Go back to Services<\/strong><\/a><\/div>\n<\/div>","protected":false},"excerpt":{"rendered":"<p>EuroEnergy ofron menaxhim, mir\u00ebmbajtje dhe\/ose suport teknik t\u00eb impianteve elektrike dhe impianteve t\u00eb energjis\u00eb s\u00eb rinovueshme. Ne ofrojm\u00eb konsulenc\u00eb inxhinierike dhe IT n\u00eb funksion t\u00eb objektivit t\u00eb aktivitetit dhe m\u00eb<span class=\"more-dots\">&#8230;<\/span> <span class=\"more-tag d-block mt-15 is-style-arrow\"><a class=\"more-link wp-block-button__link\" href=\"https:\/\/euroenergy.al\/en\/mirembajtje\/\">Read More...<span class=\"screen-reader-text\"> \"Menaxhim, mir\u00ebmbajtje dhe\/ose suport teknik&#8230;\"<\/span><\/a><\/span><!-- .more-tag --><\/p>","protected":false},"author":1,"featured_media":0,"parent":0,"menu_order":0,"comment_status":"closed","ping_status":"closed","template":"","meta":{"footnotes":""},"class_list":["post-167","page","type-page","status-publish","hentry","no-post-thumbnail"],"_links":{"self":[{"href":"https:\/\/euroenergy.al\/en\/wp-json\/wp\/v2\/pages\/167","targetHints":{"allow":["GET"]}}],"collection":[{"href":"https:\/\/euroenergy.al\/en\/wp-json\/wp\/v2\/pages"}],"about":[{"href":"https:\/\/euroenergy.al\/en\/wp-json\/wp\/v2\/types\/page"}],"author":[{"embeddable":true,"href":"https:\/\/euroenergy.al\/en\/wp-json\/wp\/v2\/users\/1"}],"replies":[{"embeddable":true,"href":"https:\/\/euroenergy.al\/en\/wp-json\/wp\/v2\/comments?post=167"}],"version-history":[{"count":5,"href":"https:\/\/euroenergy.al\/en\/wp-json\/wp\/v2\/pages\/167\/revisions"}],"predecessor-version":[{"id":281,"href":"https:\/\/euroenergy.al\/en\/wp-json\/wp\/v2\/pages\/167\/revisions\/281"}],"wp:attachment":[{"href":"https:\/\/euroenergy.al\/en\/wp-json\/wp\/v2\/media?parent=167"}],"curies":[{"name":"wp","href":"https:\/\/api.w.org\/{rel}","templated":true}]}}