{"id":30,"date":"2022-10-12T17:46:31","date_gmt":"2022-10-12T17:46:31","guid":{"rendered":"https:\/\/euroenergy.al\/?page_id=30"},"modified":"2022-11-05T22:25:46","modified_gmt":"2022-11-05T22:25:46","slug":"kryefaqja","status":"publish","type":"page","link":"https:\/\/euroenergy.al\/en\/","title":{"rendered":"Homepage"},"content":{"rendered":"<div class=\"wp-block-cover alignfull\" style=\"min-height:600px;aspect-ratio:unset;\"><span aria-hidden=\"true\" class=\"wp-block-cover__background has-background-dim-60 has-background-dim\"><\/span><img loading=\"lazy\" decoding=\"async\" width=\"1440\" height=\"810\" class=\"wp-block-cover__image-background wp-image-63\" alt=\"\" src=\"https:\/\/euroenergy.al\/wp-content\/uploads\/2022\/10\/1440x810_cmsv2_5052b85c-db77-5f8d-89b2-5fddc1c3e79c-5885644.webp\" style=\"object-position:43% 79%\" data-object-fit=\"cover\" data-object-position=\"43% 79%\" srcset=\"https:\/\/euroenergy.al\/wp-content\/uploads\/2022\/10\/1440x810_cmsv2_5052b85c-db77-5f8d-89b2-5fddc1c3e79c-5885644.webp 1440w, https:\/\/euroenergy.al\/wp-content\/uploads\/2022\/10\/1440x810_cmsv2_5052b85c-db77-5f8d-89b2-5fddc1c3e79c-5885644-300x169.webp 300w, https:\/\/euroenergy.al\/wp-content\/uploads\/2022\/10\/1440x810_cmsv2_5052b85c-db77-5f8d-89b2-5fddc1c3e79c-5885644-1024x576.webp 1024w, https:\/\/euroenergy.al\/wp-content\/uploads\/2022\/10\/1440x810_cmsv2_5052b85c-db77-5f8d-89b2-5fddc1c3e79c-5885644-768x432.webp 768w, https:\/\/euroenergy.al\/wp-content\/uploads\/2022\/10\/1440x810_cmsv2_5052b85c-db77-5f8d-89b2-5fddc1c3e79c-5885644-1140x641.webp 1140w\" sizes=\"auto, (max-width: 1440px) 100vw, 1440px\" \/><div class=\"wp-block-cover__inner-container is-layout-flow wp-block-cover-is-layout-flow\">\n<div class=\"wp-block-columns is-layout-flex wp-container-core-columns-is-layout-9d6595d7 wp-block-columns-is-layout-flex\">\n<div class=\"wp-block-column is-layout-flow wp-block-column-is-layout-flow\">\n<div class=\"wp-block-buttons is-layout-flex wp-block-buttons-is-layout-flex\"><\/div>\n<\/div>\n\n\n\n<div class=\"wp-block-column is-layout-flow wp-block-column-is-layout-flow\">\n<h1 class=\"is-style-default wp-block-heading\" style=\"font-size:25px\">Euro Energy, active in development<\/h1>\n\n\n\n<hr class=\"wp-block-separator has-text-color has-alpha-channel-opacity has-background mt-2 mb-15 is-style-default\" style=\"background-color:#aa9904;color:#aa9904\"\/>\n\n\n\n<p class=\"has-normal-font-size\">Given the favourable conditions in Albania, Euro Energy is actively increasing its portfolio through various projects on renewable electricity, but not only.<\/p>\n\n\n\n<p>Find out more on our site\u2026<\/p>\n<\/div>\n<\/div>\n\n\n\n<p><\/p>\n<\/div><\/div>\n\n\n\n<div style=\"height:100px\" aria-hidden=\"true\" class=\"wp-block-spacer\"><\/div>\n\n\n\n<div class=\"wp-block-group is-layout-flow wp-block-group-is-layout-flow\">\n<h1 class=\"has-text-align-center has-text-color wp-block-heading\" style=\"color:#141414\">Euro Energy<\/h1>\n\n\n\n<div style=\"height:23px\" aria-hidden=\"true\" class=\"wp-block-spacer\"><\/div>\n\n\n\n<p class=\"has-text-align-center has-text-color has-medium-font-size\" style=\"color:#141414\"><strong>Sustainable energy across Europe<\/strong><\/p>\n\n\n\n<div style=\"height:19px\" aria-hidden=\"true\" class=\"wp-block-spacer\"><\/div>\n\n\n\n<p class=\"has-text-align-center has-text-color\" style=\"color:#141414;font-size:17px\">                    EuroEnergy is a company that designs and implements electrical network line projects for civil and industrial facilities. <br>It designs and implements projects of telephone networks, intercom, phone, Internet, TV, access control, CCTV, etc. EuroEnergy designs and implements projects<br>                 of renewable electricity, solar and wind energy. Above all, it provides management, maintenance and\/or support <br>                     electrical and renewable energy plant technician; engineering and IT consulting service in function of the object of the activity and <br>                                    beyond what the legislation in force provides.                                            <\/p>\n\n\n\n<hr class=\"wp-block-separator has-text-color has-main-color has-alpha-channel-opacity has-main-background-color has-background center mt-2\"\/>\n<\/div>\n\n\n\n<div class=\"wp-block-columns cols-shadow cols-padding cols-single-sm gap-30 pt-3 pb-2 is-layout-flex wp-container-core-columns-is-layout-9d6595d7 wp-block-columns-is-layout-flex\">\n<div class=\"wp-block-column is-layout-flow wp-block-column-is-layout-flow\">\n<figure class=\"wp-block-image aligncenter size-full is-resized\"><img loading=\"lazy\" decoding=\"async\" src=\"https:\/\/euroenergy.al\/wp-content\/uploads\/2022\/11\/light-bulb-1.png\" alt=\"\" class=\"wp-image-206\" width=\"158\" height=\"116\" srcset=\"https:\/\/euroenergy.al\/wp-content\/uploads\/2022\/11\/light-bulb-1.png 687w, https:\/\/euroenergy.al\/wp-content\/uploads\/2022\/11\/light-bulb-1-300x218.png 300w\" sizes=\"auto, (max-width: 158px) 100vw, 158px\" \/><\/figure>\n\n\n\n<h4 class=\"has-text-align-center mt-0 mb-05 wp-block-heading\">Project-implementation of projects of electrical network lines.<\/h4>\n\n\n\n<p class=\"has-text-align-center\" id=\"tw-target-text\">We design and implement electrical network line projects for civil and industrial facilities.<\/p>\n\n\n\n<div class=\"wp-block-buttons is-content-justification-center is-layout-flex wp-container-core-buttons-is-layout-16018d1d wp-block-buttons-is-layout-flex\"><\/div>\n<\/div>\n\n\n\n<div class=\"wp-block-column is-layout-flow wp-block-column-is-layout-flow\">\n<figure class=\"wp-block-image aligncenter size-full is-resized\"><img loading=\"lazy\" decoding=\"async\" src=\"https:\/\/euroenergy.al\/wp-content\/uploads\/2022\/11\/cctv.png\" alt=\"\" class=\"wp-image-205\" width=\"157\" height=\"112\" srcset=\"https:\/\/euroenergy.al\/wp-content\/uploads\/2022\/11\/cctv.png 678w, https:\/\/euroenergy.al\/wp-content\/uploads\/2022\/11\/cctv-300x213.png 300w\" sizes=\"auto, (max-width: 157px) 100vw, 157px\" \/><\/figure>\n\n\n\n<h4 class=\"has-text-align-center mt-0 mb-05 wp-block-heading\">Project-implementation of projects of electrical network lines.<br>telefonis\u00eb, CCTV etj.<\/h4>\n\n\n\n<p class=\"has-text-align-center\" id=\"tw-target-text\">Euro Energy designs and implements projects for telephone networks, Internet, CCTV, etc.<\/p>\n\n\n\n<div class=\"wp-block-buttons is-content-justification-center is-layout-flex wp-container-core-buttons-is-layout-16018d1d wp-block-buttons-is-layout-flex\"><\/div>\n<\/div>\n\n\n\n<div class=\"wp-block-column is-layout-flow wp-block-column-is-layout-flow\">\n<figure class=\"wp-block-image aligncenter size-full is-resized is-style-default\"><img loading=\"lazy\" decoding=\"async\" src=\"https:\/\/euroenergy.al\/wp-content\/uploads\/2022\/11\/energy.png\" alt=\"\" class=\"wp-image-208\" width=\"158\" height=\"112\"\/><\/figure>\n\n\n\n<h4 class=\"has-text-align-center mt-0 mb-05 wp-block-heading\">Project-implementation of projects on renewable energy.<\/h4>\n\n\n\n<p class=\"has-text-align-center\">Designs and implements renewable electricity, solar and wind energy projects, etc.<\/p>\n\n\n\n<div class=\"wp-block-buttons is-content-justification-center is-layout-flex wp-container-core-buttons-is-layout-16018d1d wp-block-buttons-is-layout-flex\"><\/div>\n<\/div>\n\n\n\n<div class=\"wp-block-column is-layout-flow wp-block-column-is-layout-flow\">\n<figure class=\"wp-block-image aligncenter size-full is-resized is-style-default\"><img loading=\"lazy\" decoding=\"async\" src=\"https:\/\/euroenergy.al\/wp-content\/uploads\/2022\/11\/support.png\" alt=\"\" class=\"wp-image-210\" width=\"150\" height=\"111\"\/><\/figure>\n\n\n\n<h4 class=\"has-text-align-center mt-0 mb-05 wp-block-heading\">Management, maintenance and\/or technical support of electrical implants, etc.<\/h4>\n\n\n\n<p class=\"has-text-align-center mb-2\">Our engineers possess the skills to coordinate and manage the day-to-day tasks of all maintenance activities and operational issues.<\/p>\n<\/div>\n<\/div>\n\n\n\n<div style=\"height:43px\" aria-hidden=\"true\" class=\"wp-block-spacer\"><\/div>\n\n\n\n<div class=\"wp-block-buttons is-content-justification-center is-layout-flex wp-container-core-buttons-is-layout-16018d1d wp-block-buttons-is-layout-flex\"><\/div>\n\n\n\n<div style=\"height:45px\" aria-hidden=\"true\" class=\"wp-block-spacer\"><\/div>\n\n\n<p><iframe src=\"https:\/\/www.google.com\/maps\/embed?pb=!1m18!1m12!1m3!1d1538544.035137856!2d18.960627711881028!3d41.13520665349006!2m3!1f0!2f0!3f0!3m2!1i1024!2i768!4f13.1!3m3!1m2!1s0x13453bf3bd274c2d%3A0x77ce589d6983bee!2sAlbania!5e0!3m2!1sen!2s!4v1667687018364!5m2!1sen!2s\" width=\"1400\" height=\"700\" style=\"border:0;\" allowfullscreen=\"\" loading=\"lazy\" referrerpolicy=\"no-referrer-when-downgrade\"><\/iframe><\/p>","protected":false},"excerpt":{"rendered":"<p>Euro Energy Energji e q\u00ebndrueshme n\u00eb t\u00eb gjith\u00eb Evrop\u00ebn EuroEnergy \u00ebsht\u00eb nj\u00eb kompani e cila projekton dhe v\u00eb n\u00eb zbatim projekte t\u00eb linjave t\u00eb rrjeteve elektrike p\u00ebr objekte civile dhe<span class=\"more-dots\">&#8230;<\/span> <span class=\"more-tag d-block mt-15 is-style-arrow\"><a class=\"more-link wp-block-button__link\" href=\"https:\/\/euroenergy.al\/en\/\">Read More...<span class=\"screen-reader-text\"> \"Kryefaqja\"<\/span><\/a><\/span><!-- .more-tag --><\/p>","protected":false},"author":1,"featured_media":0,"parent":0,"menu_order":0,"comment_status":"closed","ping_status":"closed","template":"page-templates\/no-sidebar-no-title.php","meta":{"footnotes":""},"class_list":["post-30","page","type-page","status-publish","hentry","no-post-thumbnail"],"_links":{"self":[{"href":"https:\/\/euroenergy.al\/en\/wp-json\/wp\/v2\/pages\/30","targetHints":{"allow":["GET"]}}],"collection":[{"href":"https:\/\/euroenergy.al\/en\/wp-json\/wp\/v2\/pages"}],"about":[{"href":"https:\/\/euroenergy.al\/en\/wp-json\/wp\/v2\/types\/page"}],"author":[{"embeddable":true,"href":"https:\/\/euroenergy.al\/en\/wp-json\/wp\/v2\/users\/1"}],"replies":[{"embeddable":true,"href":"https:\/\/euroenergy.al\/en\/wp-json\/wp\/v2\/comments?post=30"}],"version-history":[{"count":37,"href":"https:\/\/euroenergy.al\/en\/wp-json\/wp\/v2\/pages\/30\/revisions"}],"predecessor-version":[{"id":258,"href":"https:\/\/euroenergy.al\/en\/wp-json\/wp\/v2\/pages\/30\/revisions\/258"}],"wp:attachment":[{"href":"https:\/\/euroenergy.al\/en\/wp-json\/wp\/v2\/media?parent=30"}],"curies":[{"name":"wp","href":"https:\/\/api.w.org\/{rel}","templated":true}]}}