{"id":34,"date":"2022-10-12T17:46:31","date_gmt":"2022-10-12T17:46:31","guid":{"rendered":"https:\/\/euroenergy.al\/?page_id=34"},"modified":"2022-11-03T13:39:49","modified_gmt":"2022-11-03T13:39:49","slug":"kontakt","status":"publish","type":"page","link":"https:\/\/euroenergy.al\/en\/kontakt\/","title":{"rendered":"Contact"},"content":{"rendered":"<div class=\"wp-block-group pt-1 pb-1 is-layout-flow wp-block-group-is-layout-flow\">\n<h6 class=\"has-text-align-center is-style-small-text wp-block-heading\" style=\"font-size:16px\"><mark style=\"background-color:var(--colorMain)\" class=\"has-inline-color has-light-color\">Contact Us<\/mark><\/h6>\n\n\n\n<p id=\"tw-target-text\"><\/p>\n\n\n\n<p class=\"has-text-align-center has-normal-font-size\">                                            Euro Energy operates throughout Europe. Please contact us using the details below <br>                                         for more information on our range of services, products and services.<\/p>\n<\/div>\n\n\n\n<div class=\"wp-block-columns cols-single-sm gap-30 cols-rounded cols-bordered cols-padding pb-6 pt-2 cols-shadow-hover is-layout-flex wp-container-core-columns-is-layout-9d6595d7 wp-block-columns-is-layout-flex\">\n<div class=\"wp-block-column is-layout-flow wp-block-column-is-layout-flow\">\n<figure class=\"wp-block-image aligncenter size-large is-resized mb-0\"><img loading=\"lazy\" decoding=\"async\" src=\"https:\/\/euroenergy.al\/wp-content\/themes\/exs\/assets\/img\/mail-outline.png\" alt=\"\" class=\"wp-image-501\" width=\"100\" height=\"100\"\/><\/figure>\n\n\n\n<h4 class=\"has-text-align-center mt-05 mb-0 wp-block-heading\">E-Mail<\/h4>\n\n\n\n<p class=\"has-text-align-center mt-1\">info@euroenergy.al<\/p>\n<\/div>\n\n\n\n<div class=\"wp-block-column is-layout-flow wp-block-column-is-layout-flow\">\n<figure class=\"wp-block-image aligncenter size-large is-resized mb-0\"><img loading=\"lazy\" decoding=\"async\" src=\"https:\/\/euroenergy.al\/wp-content\/themes\/exs\/assets\/img\/call-outline.png\" alt=\"\" class=\"wp-image-524\" width=\"100\" height=\"100\"\/><\/figure>\n\n\n\n<h4 class=\"has-text-align-center mt-05 mb-0 wp-block-heading\">Phone<\/h4>\n\n\n\n<p class=\"has-text-align-center mt-1\">+355 69 606 0333<br><\/p>\n<\/div>\n\n\n\n<div class=\"wp-block-column is-layout-flow wp-block-column-is-layout-flow\">\n<figure class=\"wp-block-image aligncenter size-large is-resized mb-0\"><img loading=\"lazy\" decoding=\"async\" src=\"https:\/\/euroenergy.al\/wp-content\/themes\/exs\/assets\/img\/location-outline.png\" alt=\"\" class=\"wp-image-502\" width=\"100\" height=\"100\"\/><\/figure>\n\n\n\n<h4 class=\"has-text-align-center mt-05 mb-0 wp-block-heading\">Address<\/h4>\n\n\n\n<p class=\"has-text-align-center mt-1\">Municipal Unit No. 10, \"Islam Alla\" Street, Cadastral Area 8380, Tirana.<\/p>\n<\/div>\n\n\n\n<div class=\"wp-block-column is-layout-flow wp-block-column-is-layout-flow\">\n<figure class=\"wp-block-image aligncenter size-large is-resized mb-0\"><img loading=\"lazy\" decoding=\"async\" src=\"https:\/\/euroenergy.al\/wp-content\/themes\/exs\/assets\/img\/alarm-outline.png\" alt=\"\" class=\"wp-image-500\" width=\"100\" height=\"100\"\/><\/figure>\n\n\n\n<h4 class=\"has-text-align-center mt-05 mb-0 wp-block-heading\"><strong>Ti<\/strong>me<\/h4>\n\n\n\n<p class=\"has-text-align-center mt-1\">Monday - Saturday 08:00 - 16:30<br>           <strong>SUNDAY :<\/strong> Day Off       <\/p>\n<\/div>\n<\/div>","protected":false},"excerpt":{"rendered":"<p>Na kontaktoni Euro Energy operon n\u00eb t\u00eb gjith\u00eb Europ\u00ebn. Ju lutemi t\u00eb na kontaktoni duke p\u00ebrdorur detajet m\u00eb posht\u00eb p\u00ebr m\u00eb shum\u00eb informacion mbi gam\u00ebn ton\u00eb t\u00eb sh\u00ebrbimeve, produkteve edhe<span class=\"more-dots\">&#8230;<\/span> <span class=\"more-tag d-block mt-15 is-style-arrow\"><a class=\"more-link wp-block-button__link\" href=\"https:\/\/euroenergy.al\/en\/kontakt\/\">Read More...<span class=\"screen-reader-text\"> \"Kontakt\"<\/span><\/a><\/span><!-- .more-tag --><\/p>","protected":false},"author":1,"featured_media":0,"parent":0,"menu_order":0,"comment_status":"closed","ping_status":"closed","template":"","meta":{"footnotes":""},"class_list":["post-34","page","type-page","status-publish","hentry","no-post-thumbnail"],"_links":{"self":[{"href":"https:\/\/euroenergy.al\/en\/wp-json\/wp\/v2\/pages\/34","targetHints":{"allow":["GET"]}}],"collection":[{"href":"https:\/\/euroenergy.al\/en\/wp-json\/wp\/v2\/pages"}],"about":[{"href":"https:\/\/euroenergy.al\/en\/wp-json\/wp\/v2\/types\/page"}],"author":[{"embeddable":true,"href":"https:\/\/euroenergy.al\/en\/wp-json\/wp\/v2\/users\/1"}],"replies":[{"embeddable":true,"href":"https:\/\/euroenergy.al\/en\/wp-json\/wp\/v2\/comments?post=34"}],"version-history":[{"count":15,"href":"https:\/\/euroenergy.al\/en\/wp-json\/wp\/v2\/pages\/34\/revisions"}],"predecessor-version":[{"id":184,"href":"https:\/\/euroenergy.al\/en\/wp-json\/wp\/v2\/pages\/34\/revisions\/184"}],"wp:attachment":[{"href":"https:\/\/euroenergy.al\/en\/wp-json\/wp\/v2\/media?parent=34"}],"curies":[{"name":"wp","href":"https:\/\/api.w.org\/{rel}","templated":true}]}}