{"id":35,"date":"2022-10-12T17:46:31","date_gmt":"2022-10-12T17:46:31","guid":{"rendered":"https:\/\/euroenergy.al\/?page_id=35"},"modified":"2022-12-06T09:34:01","modified_gmt":"2022-12-06T09:34:01","slug":"sherbime","status":"publish","type":"page","link":"https:\/\/euroenergy.al\/en\/sherbime\/","title":{"rendered":"Services"},"content":{"rendered":"<div class=\"wp-block-cover\" style=\"min-height:202px;aspect-ratio:unset;\"><span aria-hidden=\"true\" class=\"wp-block-cover__background has-border-background-color has-background-dim-100 has-background-dim\"><\/span><div class=\"wp-block-cover__inner-container is-layout-flow wp-block-cover-is-layout-flow\">\n<h2 class=\"has-text-align-center has-text-color wp-block-heading\" style=\"color:#27b5cb\">From the Beginning to Production<\/h2>\n\n\n\n<p class=\"has-text-align-center has-text-color\" style=\"color:#060345;font-size:20px\"> EuroEnergy is a comprehensive renewable energy company<\/p>\n<\/div><\/div>\n\n\n\n<hr class=\"wp-block-separator alignfull has-alpha-channel-opacity\"\/>\n\n\n\n<div style=\"height:74px\" aria-hidden=\"true\" class=\"wp-block-spacer\"><\/div>\n\n\n\n<div class=\"wp-block-media-text alignwide is-stacked-on-mobile\" style=\"grid-template-columns:49% auto\"><figure class=\"wp-block-media-text__media\"><img loading=\"lazy\" decoding=\"async\" width=\"500\" height=\"334\" src=\"https:\/\/euroenergy.al\/wp-content\/uploads\/2022\/11\/shutterstock_1709519638.500x0-is.jpg\" alt=\"\" class=\"wp-image-223 size-full\" srcset=\"https:\/\/euroenergy.al\/wp-content\/uploads\/2022\/11\/shutterstock_1709519638.500x0-is.jpg 500w, https:\/\/euroenergy.al\/wp-content\/uploads\/2022\/11\/shutterstock_1709519638.500x0-is-300x200.jpg 300w\" sizes=\"auto, (max-width: 500px) 100vw, 500px\" \/><\/figure><div class=\"wp-block-media-text__content\">\n<h2 class=\"has-text-align-center has-text-color wp-block-heading\" id=\"https:\/\/euroenergy.al\/rrjete-elektrike\/\" style=\"color:#27b5cb\"><a href=\"https:\/\/euroenergy.al\/en\/rrjete-elektrike\/\" target=\"_blank\" rel=\"noreferrer noopener\">Project-implementation of projects of electrical network lines.<\/a><\/h2>\n\n\n\n<p class=\"has-text-align-center has-text-color\" style=\"color:#1f8e85;font-size:25px\">We design and implement electrical network line projects for civil and industrial facilities.<\/p>\n<\/div><\/div>\n\n\n\n<div style=\"height:49px\" aria-hidden=\"true\" class=\"wp-block-spacer\"><\/div>\n\n\n\n<div class=\"wp-block-media-text alignwide has-media-on-the-right is-stacked-on-mobile\" style=\"grid-template-columns:auto 47%\"><div class=\"wp-block-media-text__content\">\n<h2 class=\"has-text-align-center has-text-color wp-block-heading\" style=\"color:#27b5cb\"><a rel=\"noreferrer noopener\" href=\"https:\/\/euroenergy.al\/en\/rrjete-telefoni\/\" target=\"_blank\">Projektim dhe zbatim i projekteve t\u00eb rrjeteve t\u00eb telefonis\u00eb, CCTV etj.<\/a><\/h2>\n\n\n\n<p class=\"has-text-align-center has-text-color\" style=\"color:#1f8e85;font-size:25px\">Euro Energy designs and implements projects for telephone networks, Internet, CCTV, etc.<\/p>\n<\/div><figure class=\"wp-block-media-text__media\"><img loading=\"lazy\" decoding=\"async\" width=\"539\" height=\"360\" src=\"https:\/\/euroenergy.al\/wp-content\/uploads\/2022\/11\/360_F_295211342_LWTd0gq83NOkbKGYohamLFo8gIA7yKg9-1.jpg\" alt=\"\" class=\"wp-image-232 size-full\" srcset=\"https:\/\/euroenergy.al\/wp-content\/uploads\/2022\/11\/360_F_295211342_LWTd0gq83NOkbKGYohamLFo8gIA7yKg9-1.jpg 539w, https:\/\/euroenergy.al\/wp-content\/uploads\/2022\/11\/360_F_295211342_LWTd0gq83NOkbKGYohamLFo8gIA7yKg9-1-300x200.jpg 300w\" sizes=\"auto, (max-width: 539px) 100vw, 539px\" \/><\/figure><\/div>\n\n\n\n<div style=\"height:49px\" aria-hidden=\"true\" class=\"wp-block-spacer\"><\/div>\n\n\n\n<div class=\"wp-block-media-text alignwide is-stacked-on-mobile\" style=\"grid-template-columns:48% auto\"><figure class=\"wp-block-media-text__media\"><img loading=\"lazy\" decoding=\"async\" width=\"750\" height=\"500\" src=\"https:\/\/euroenergy.al\/wp-content\/uploads\/2022\/10\/clean-renewable-energy-2.jpg\" alt=\"\" class=\"wp-image-67 size-full\" srcset=\"https:\/\/euroenergy.al\/wp-content\/uploads\/2022\/10\/clean-renewable-energy-2.jpg 750w, https:\/\/euroenergy.al\/wp-content\/uploads\/2022\/10\/clean-renewable-energy-2-300x200.jpg 300w\" sizes=\"auto, (max-width: 750px) 100vw, 750px\" \/><\/figure><div class=\"wp-block-media-text__content\">\n<h2 class=\"has-text-align-center has-text-color wp-block-heading\" style=\"color:#27b5cb\"><a href=\"https:\/\/euroenergy.al\/en\/energji-rinovim\/\" target=\"_blank\" rel=\"noreferrer noopener\">Project-implementation of projects on renewable energy.<\/a><\/h2>\n\n\n\n<p class=\"has-text-align-center has-text-color\" style=\"color:#1f8e85;font-size:25px\">Designs and implements renewable electricity, solar and wind energy projects, etc.<\/p>\n<\/div><\/div>\n\n\n\n<div style=\"height:49px\" aria-hidden=\"true\" class=\"wp-block-spacer\"><\/div>\n\n\n\n<div class=\"wp-block-media-text alignwide has-media-on-the-right is-stacked-on-mobile\" style=\"grid-template-columns:auto 47%\"><div class=\"wp-block-media-text__content\">\n<h2 class=\"has-text-align-center has-text-color wp-block-heading\" style=\"color:#27b5cb\"><a href=\"https:\/\/euroenergy.al\/en\/mirembajtje\/\" target=\"_blank\" rel=\"noreferrer noopener\">Management, maintenance and\/or technical support of electrical implants, etc.<\/a><\/h2>\n\n\n\n<p class=\"has-text-align-center has-text-color\" style=\"color:#1f8e85;font-size:25px\">Our engineers possess the skills to coordinate and manage the day-to-day tasks of all maintenance activities and operational issues.<\/p>\n<\/div><figure class=\"wp-block-media-text__media\"><img loading=\"lazy\" decoding=\"async\" width=\"1000\" height=\"667\" src=\"https:\/\/euroenergy.al\/wp-content\/uploads\/2022\/10\/solar-panels-installation.jpg\" alt=\"\" class=\"wp-image-125 size-full\" srcset=\"https:\/\/euroenergy.al\/wp-content\/uploads\/2022\/10\/solar-panels-installation.jpg 1000w, https:\/\/euroenergy.al\/wp-content\/uploads\/2022\/10\/solar-panels-installation-300x200.jpg 300w, https:\/\/euroenergy.al\/wp-content\/uploads\/2022\/10\/solar-panels-installation-768x512.jpg 768w\" sizes=\"auto, (max-width: 1000px) 100vw, 1000px\" \/><\/figure><\/div>","protected":false},"excerpt":{"rendered":"<p>Projektim dhe zbatim i projekteve t\u00eb linjave t\u00eb rrjeteve elektrike. Ne projektojm\u00eb dhe v\u00ebm\u00eb n\u00eb zbatim projekte t\u00eb linjave t\u00eb rrjeteve elektrike p\u00ebr objekte civile dhe industriale. Projektim dhe zbatim<span class=\"more-dots\">&#8230;<\/span> <span class=\"more-tag d-block mt-15 is-style-arrow\"><a class=\"more-link wp-block-button__link\" href=\"https:\/\/euroenergy.al\/en\/sherbime\/\">Read More...<span class=\"screen-reader-text\"> \"Sh\u00ebrbime\"<\/span><\/a><\/span><!-- .more-tag --><\/p>","protected":false},"author":1,"featured_media":0,"parent":0,"menu_order":0,"comment_status":"closed","ping_status":"closed","template":"","meta":{"footnotes":""},"class_list":["post-35","page","type-page","status-publish","hentry","no-post-thumbnail"],"_links":{"self":[{"href":"https:\/\/euroenergy.al\/en\/wp-json\/wp\/v2\/pages\/35","targetHints":{"allow":["GET"]}}],"collection":[{"href":"https:\/\/euroenergy.al\/en\/wp-json\/wp\/v2\/pages"}],"about":[{"href":"https:\/\/euroenergy.al\/en\/wp-json\/wp\/v2\/types\/page"}],"author":[{"embeddable":true,"href":"https:\/\/euroenergy.al\/en\/wp-json\/wp\/v2\/users\/1"}],"replies":[{"embeddable":true,"href":"https:\/\/euroenergy.al\/en\/wp-json\/wp\/v2\/comments?post=35"}],"version-history":[{"count":50,"href":"https:\/\/euroenergy.al\/en\/wp-json\/wp\/v2\/pages\/35\/revisions"}],"predecessor-version":[{"id":272,"href":"https:\/\/euroenergy.al\/en\/wp-json\/wp\/v2\/pages\/35\/revisions\/272"}],"wp:attachment":[{"href":"https:\/\/euroenergy.al\/en\/wp-json\/wp\/v2\/media?parent=35"}],"curies":[{"name":"wp","href":"https:\/\/api.w.org\/{rel}","templated":true}]}}